{"id":1779,"date":"2025-08-05T08:51:57","date_gmt":"2025-08-05T08:51:57","guid":{"rendered":"https:\/\/chmedia.vn\/?page_id=1779"},"modified":"2025-12-11T22:47:55","modified_gmt":"2025-12-11T22:47:55","slug":"thiet-ke-brochure","status":"publish","type":"page","link":"https:\/\/chmedia.vn\/index.php\/thiet-ke-brochure\/","title":{"rendered":"THI\u1ebeT K\u1ebe BROCHURE"},"content":{"rendered":"\n<hr class=\"wp-block-separator has-text-color has-luminous-vivid-orange-color has-alpha-channel-opacity has-luminous-vivid-orange-background-color has-background\"\/>\n\n\n\n<div style=\"height:43px\" aria-hidden=\"true\" class=\"wp-block-spacer\"><\/div>\n\n\n\n<div class=\"wp-block-columns is-layout-flex wp-container-core-columns-is-layout-28f84493 wp-block-columns-is-layout-flex\">\n<div class=\"wp-block-column is-layout-flow wp-block-column-is-layout-flow\" style=\"flex-basis:100px\"><\/div>\n\n\n\n<div class=\"wp-block-column is-layout-flow wp-block-column-is-layout-flow\">\n<p><strong>Brochure<\/strong>&nbsp;l\u00e0 m\u1ed9t \u1ea5n ph\u1ea9m qu\u1ea3ng c\u00e1o d\u1ea1ng quy\u1ec3n nh\u1ecf ch\u1ee9a \u0111\u1ef1ng v\u00e0 bao g\u1ed3m nh\u1eefng th\u00f4ng tin gi\u1edbi thi\u1ec7u chung v\u1ec1 s\u1ea3n ph\u1ea9m n\u00e0o \u0111\u1ea5y, v\u1ec1 c\u00e1c s\u1ef1 ki\u1ec7n, nh\u1eefng \u0111\u1ecba \u0111i\u1ec3m du l\u1ecbch n\u1ed5i ti\u1ebfng, h\u00ecnh \u1ea3nh\u2026 m\u00e0 ch\u1ee7 doanh nghi\u1ec7p mu\u1ed1n g\u1eedi g\u1eafm \u0111\u1ebfn nh\u1eefng ng\u01b0\u1eddi \u0111\u01b0\u1ee3c xem l\u00e0 kh\u00e1ch h\u00e0ng m\u1ee5c ti\u00eau c\u1ee7a h\u1ecd. Brochure th\u01b0\u1eddng xu\u1ea5t hi\u1ec7n trong c\u00e1c ch\u01b0\u01a1ng tr\u00ecnh khuy\u1ebfn m\u00e3i, ho\u1eb7c \u0111\u01b0\u1ee3c thi\u1ebft k\u1ebf brochure ri\u00eang cho m\u1ed9t d\u00f2ng, m\u1ed9t lo\u1ea1i s\u1ea3n ph\u1ea9m ri\u00eang c\u1ee7a th\u01b0\u01a1ng hi\u1ec7u.<\/p>\n\n\n\n<p>Nhi\u1ec1u ng\u01b0\u1eddi ngh\u0129 r\u1eb1ng thi\u1ebft k\u1ebf brochure \u0111\u01a1n gi\u1ea3n \u0111\u1ebfn n\u1ed7i ai c\u0169ng c\u00f3 th\u1ec3 l\u00e0m b\u1ea5t c\u1ee9 l\u00fac n\u00e0o r\u1ea3nh v\u00e0 ph\u1ea7n c\u00f2n l\u1ea1i c\u1ee7a c\u00f4ng vi\u1ec7c \u0111\u01b0\u1ee3c ho\u00e0n th\u00e0nh t\u1ea1i nh\u00e0 in. B\u1edfi v\u00ec \u0111i\u1ec1u n\u00e0y, qu\u00e1 nhi\u1ec1u nh\u00e0 in kh\u00f4ng ch\u1ec9 cung c\u1ea5p d\u1ecbch v\u1ee5 in \u1ea5n brochure m\u00e0 c\u00f2n c\u1ea3 d\u1ecbch v\u1ee5 thi\u1ebft k\u1ebf borchure. Tuy nhi\u00ean, v\u1edbi t\u1ea7m nh\u00ecn c\u1ee7a m\u1ed9t c\u00f4ng ty chuy\u00ean nghi\u1ec7p, kh\u00f4ng ai ch\u1ecdn c\u00e1ch n\u00e0y. Ng\u01b0\u1ee3c l\u1ea1i, kh\u00e2u \u0111\u1ea7u t\u01b0 thi\u1ebft k\u1ebf \u0111\u01b0\u1ee3c \u0111\u1ea7u t\u01b0 r\u1ea5t cao trong khi in \u1ea5n ch\u1ec9 l\u00e0 ph\u1ea7n ph\u1ee5 cu\u1ed1i c\u00f9ng. Brochure c\u00f4ng ty chuy\u00ean nghi\u1ec7p c\u1ea7n s\u00e1ng t\u1ea1o, kh\u00e1c bi\u1ec7t, truy\u1ec1n t\u1ea3i \u0111\u01b0\u1ee3c c\u00e1 t\u00ednh ri\u00eang c\u1ee7a th\u01b0\u01a1ng hi\u1ec7u v\u00e0 quan tr\u1ecdng l\u00e0 brochure b\u00e1n \u0111\u01b0\u1ee3c h\u00e0ng, hi\u1ec3u \u0111\u01b0\u1ee3c \u0111i\u1ec1u \u0111\u00f3 CH Media \u0111\u01b0a ra d\u1ecbch v\u1ee5 thi\u1ebft k\u1ebf brochure chuy\u00ean nghi\u1ec7p. CH Media s\u1ebd gi\u00fap b\u1ea1n t\u1eeb l\u00ean \u00fd t\u01b0\u1edfng, bi\u00ean so\u1ea1n n\u1ed9i dung, chu\u1ea9n b\u1ecb h\u00ecnh \u1ea3nh, thi\u1ebft k\u1ebf brochure cho \u0111\u1ebfn in \u1ea5n brochure m\u1ed9t c\u00e1ch ho\u00e0n h\u1ea3o nh\u1ea5t.<\/p>\n<\/div>\n\n\n\n<div class=\"wp-block-column is-layout-flow wp-block-column-is-layout-flow\" style=\"flex-basis:100px\"><\/div>\n<\/div>\n\n\n\n<h2 class=\"wp-block-heading has-text-align-center has-luminous-vivid-orange-color has-text-color has-link-color wp-elements-000b16e44ed75a6ba4fc563c8ab947ea\"><strong>V\u00cc SAO CH\u1eccN THI\u1ebeT K\u1ebe NH\u1eacN DI\u1ec6N NH\u1eacN DI\u1ec6N TH\u01af\u01a0NG HI\u1ec6U S\u1ed0 T\u1ea0I CH MEDIA<\/strong> ?<\/h2>\n\n\n\n<div style=\"height:30px\" aria-hidden=\"true\" class=\"wp-block-spacer\"><\/div>\n\n\n\n<div class=\"wp-block-columns is-layout-flex wp-container-core-columns-is-layout-28f84493 wp-block-columns-is-layout-flex\">\n<div class=\"wp-block-column is-layout-flow wp-block-column-is-layout-flow\" style=\"flex-basis:150px\"><\/div>\n\n\n\n<div class=\"wp-block-column is-layout-flow wp-block-column-is-layout-flow\">\n<div class=\"wp-block-columns is-layout-flex wp-container-core-columns-is-layout-28f84493 wp-block-columns-is-layout-flex\">\n<div class=\"wp-block-column is-layout-flow wp-block-column-is-layout-flow\">\n<div class=\"wp-block-columns is-layout-flex wp-container-core-columns-is-layout-28f84493 wp-block-columns-is-layout-flex\">\n<div class=\"wp-block-column has-background is-layout-flow wp-block-column-is-layout-flow\" style=\"border-radius:10px;background-color:#f2f2f2\">\n<div style=\"height:5px\" aria-hidden=\"true\" class=\"wp-block-spacer\"><\/div>\n\n\n<div class=\"wp-block-image\">\n<figure class=\"aligncenter size-full is-resized\"><img loading=\"lazy\" decoding=\"async\" width=\"301\" height=\"300\" src=\"https:\/\/chmedia.vn\/wp-content\/uploads\/2025\/08\/ICON-40.png\" alt=\"\" class=\"wp-image-2579\" style=\"width:70px;height:auto\" srcset=\"https:\/\/chmedia.vn\/wp-content\/uploads\/2025\/08\/ICON-40.png 301w, https:\/\/chmedia.vn\/wp-content\/uploads\/2025\/08\/ICON-40-150x150.png 150w, https:\/\/chmedia.vn\/wp-content\/uploads\/2025\/08\/ICON-40-75x75.png 75w\" sizes=\"auto, (max-width: 301px) 100vw, 301px\" \/><\/figure>\n<\/div>\n\n\n<p class=\"has-text-align-center\" style=\"margin-top:var(--wp--preset--spacing--50);margin-right:var(--wp--preset--spacing--40);margin-bottom:var(--wp--preset--spacing--50);margin-left:var(--wp--preset--spacing--40)\">Thi\u1ebft k\u1ebf Brochure \u0111\u00e1p \u1ee9ng m\u1ee5c ti\u00eau b\u00e1n h\u00e0ng, x\u00e2y d\u1ef1ng th\u01b0\u01a1ng hi\u1ec7u<\/p>\n<\/div>\n\n\n\n<div class=\"wp-block-column has-background is-layout-flow wp-block-column-is-layout-flow\" style=\"border-radius:10px;background-color:#f2f2f2\">\n<div style=\"height:5px\" aria-hidden=\"true\" class=\"wp-block-spacer\"><\/div>\n\n\n<div class=\"wp-block-image\">\n<figure class=\"aligncenter size-full is-resized\"><img loading=\"lazy\" decoding=\"async\" width=\"301\" height=\"301\" src=\"https:\/\/chmedia.vn\/wp-content\/uploads\/2025\/08\/ICON-19.png\" alt=\"\" class=\"wp-image-2574\" style=\"width:70px;height:auto\" srcset=\"https:\/\/chmedia.vn\/wp-content\/uploads\/2025\/08\/ICON-19.png 301w, https:\/\/chmedia.vn\/wp-content\/uploads\/2025\/08\/ICON-19-150x150.png 150w, https:\/\/chmedia.vn\/wp-content\/uploads\/2025\/08\/ICON-19-75x75.png 75w\" sizes=\"auto, (max-width: 301px) 100vw, 301px\" \/><\/figure>\n<\/div>\n\n\n<p class=\"has-text-align-center\" style=\"margin-top:var(--wp--preset--spacing--50);margin-right:var(--wp--preset--spacing--40);margin-bottom:var(--wp--preset--spacing--50);margin-left:var(--wp--preset--spacing--40)\">Quy tr\u00ecnh tri\u1ec3n khai d\u1ef1 \u00e1n r\u00f5 r\u00e0ng, chuy\u00ean nghi\u1ec7p<\/p>\n<\/div>\n\n\n\n<div class=\"wp-block-column has-background is-layout-flow wp-block-column-is-layout-flow\" style=\"border-radius:10px;background-color:#f2f2f2\">\n<div style=\"height:5px\" aria-hidden=\"true\" class=\"wp-block-spacer\"><\/div>\n\n\n<div class=\"wp-block-image\">\n<figure class=\"aligncenter size-full is-resized\"><img loading=\"lazy\" decoding=\"async\" width=\"301\" height=\"300\" src=\"https:\/\/chmedia.vn\/wp-content\/uploads\/2025\/08\/ICON-39.png\" alt=\"\" class=\"wp-image-2585\" style=\"width:70px;height:auto\" srcset=\"https:\/\/chmedia.vn\/wp-content\/uploads\/2025\/08\/ICON-39.png 301w, https:\/\/chmedia.vn\/wp-content\/uploads\/2025\/08\/ICON-39-150x150.png 150w, https:\/\/chmedia.vn\/wp-content\/uploads\/2025\/08\/ICON-39-75x75.png 75w\" sizes=\"auto, (max-width: 301px) 100vw, 301px\" \/><\/figure>\n<\/div>\n\n\n<p class=\"has-text-align-center\" style=\"margin-top:var(--wp--preset--spacing--50);margin-right:var(--wp--preset--spacing--40);margin-bottom:var(--wp--preset--spacing--50);margin-left:var(--wp--preset--spacing--40)\">Thi\u1ebft k\u1ebf d\u1ef1a tr\u00ean ph\u00e2n t\u00edch k\u1ef9 c\u00e0ng v\u1ec1 doanh nghi\u1ec7p, s\u1ea3n ph\u1ea9m, kh\u00e1ch h\u00e0ng\u2026<\/p>\n<\/div>\n\n\n\n<div class=\"wp-block-column has-background is-layout-flow wp-block-column-is-layout-flow\" style=\"border-radius:10px;background-color:#f2f2f2\">\n<div style=\"height:5px\" aria-hidden=\"true\" class=\"wp-block-spacer\"><\/div>\n\n\n<div class=\"wp-block-image\">\n<figure class=\"aligncenter size-full is-resized\"><img loading=\"lazy\" decoding=\"async\" width=\"301\" height=\"300\" src=\"https:\/\/chmedia.vn\/wp-content\/uploads\/2025\/08\/ICON-36.png\" alt=\"\" class=\"wp-image-2584\" style=\"width:70px;height:auto\" srcset=\"https:\/\/chmedia.vn\/wp-content\/uploads\/2025\/08\/ICON-36.png 301w, https:\/\/chmedia.vn\/wp-content\/uploads\/2025\/08\/ICON-36-150x150.png 150w, https:\/\/chmedia.vn\/wp-content\/uploads\/2025\/08\/ICON-36-75x75.png 75w\" sizes=\"auto, (max-width: 301px) 100vw, 301px\" \/><\/figure>\n<\/div>\n\n\n<p class=\"has-text-align-center\" style=\"margin-top:var(--wp--preset--spacing--50);margin-right:var(--wp--preset--spacing--40);margin-bottom:var(--wp--preset--spacing--50);margin-left:var(--wp--preset--spacing--40)\">\u0110\u1ed9i ng\u0169 th\u1ef1c thi kinh nghi\u1ec7m nhi\u1ec1u d\u1ef1 \u00e1n l\u1edbn<\/p>\n<\/div>\n<\/div>\n<\/div>\n<\/div>\n<\/div>\n\n\n\n<div class=\"wp-block-column is-layout-flow wp-block-column-is-layout-flow\" style=\"flex-basis:150px\"><\/div>\n<\/div>\n\n\n\n<div class=\"wp-block-columns is-layout-flex wp-container-core-columns-is-layout-28f84493 wp-block-columns-is-layout-flex\">\n<div class=\"wp-block-column is-layout-flow wp-block-column-is-layout-flow\" style=\"flex-basis:150px\"><\/div>\n\n\n\n<div class=\"wp-block-column is-layout-flow wp-block-column-is-layout-flow\">\n<div class=\"wp-block-columns is-layout-flex wp-container-core-columns-is-layout-28f84493 wp-block-columns-is-layout-flex\">\n<div class=\"wp-block-column is-layout-flow wp-block-column-is-layout-flow\">\n<div class=\"wp-block-columns is-layout-flex wp-container-core-columns-is-layout-28f84493 wp-block-columns-is-layout-flex\">\n<div class=\"wp-block-column has-background is-layout-flow wp-block-column-is-layout-flow\" style=\"border-radius:10px;background-color:#f2f2f2\">\n<div style=\"height:5px\" aria-hidden=\"true\" class=\"wp-block-spacer\"><\/div>\n\n\n<div class=\"wp-block-image\">\n<figure class=\"aligncenter size-full is-resized\"><img loading=\"lazy\" decoding=\"async\" width=\"301\" height=\"301\" src=\"https:\/\/chmedia.vn\/wp-content\/uploads\/2025\/08\/ICON-33.png\" alt=\"\" class=\"wp-image-2569\" style=\"width:70px;height:auto\" srcset=\"https:\/\/chmedia.vn\/wp-content\/uploads\/2025\/08\/ICON-33.png 301w, https:\/\/chmedia.vn\/wp-content\/uploads\/2025\/08\/ICON-33-150x150.png 150w, https:\/\/chmedia.vn\/wp-content\/uploads\/2025\/08\/ICON-33-75x75.png 75w\" sizes=\"auto, (max-width: 301px) 100vw, 301px\" \/><\/figure>\n<\/div>\n\n\n<p class=\"has-text-align-center\" style=\"margin-top:var(--wp--preset--spacing--50);margin-right:var(--wp--preset--spacing--40);margin-bottom:var(--wp--preset--spacing--50);margin-left:var(--wp--preset--spacing--40)\">\u0110a d\u1ea1ng phong c\u00e1ch thi\u1ebft k\u1ebf, \u0111\u1ea3m b\u1ea3o s\u1ef1 ph\u00f9 h\u1ee3p<\/p>\n<\/div>\n\n\n\n<div class=\"wp-block-column has-background is-layout-flow wp-block-column-is-layout-flow\" style=\"border-radius:10px;background-color:#f2f2f2\">\n<div style=\"height:5px\" aria-hidden=\"true\" class=\"wp-block-spacer\"><\/div>\n\n\n<div class=\"wp-block-image\">\n<figure class=\"aligncenter size-full is-resized\"><img loading=\"lazy\" decoding=\"async\" width=\"301\" height=\"300\" src=\"https:\/\/chmedia.vn\/wp-content\/uploads\/2025\/08\/ICON-35.png\" alt=\"\" class=\"wp-image-2583\" style=\"width:70px;height:auto\" srcset=\"https:\/\/chmedia.vn\/wp-content\/uploads\/2025\/08\/ICON-35.png 301w, https:\/\/chmedia.vn\/wp-content\/uploads\/2025\/08\/ICON-35-150x150.png 150w, https:\/\/chmedia.vn\/wp-content\/uploads\/2025\/08\/ICON-35-75x75.png 75w\" sizes=\"auto, (max-width: 301px) 100vw, 301px\" \/><\/figure>\n<\/div>\n\n\n<p class=\"has-text-align-center\" style=\"margin-top:var(--wp--preset--spacing--50);margin-right:var(--wp--preset--spacing--40);margin-bottom:var(--wp--preset--spacing--50);margin-left:var(--wp--preset--spacing--40)\">T\u01b0\u01a1ng t\u00e1c v\u00e0 ph\u1ea3n h\u1ed3i li\u00ean t\u1ee5c, t\u00edch c\u1ef1c v\u00e0 h\u01b0\u1edbng m\u1ee5c ti\u00eau<\/p>\n<\/div>\n\n\n\n<div class=\"wp-block-column has-background is-layout-flow wp-block-column-is-layout-flow\" style=\"border-radius:10px;background-color:#f2f2f2\">\n<div style=\"height:5px\" aria-hidden=\"true\" class=\"wp-block-spacer\"><\/div>\n\n\n<div class=\"wp-block-image\">\n<figure class=\"aligncenter size-full is-resized\"><img loading=\"lazy\" decoding=\"async\" width=\"301\" height=\"301\" src=\"https:\/\/chmedia.vn\/wp-content\/uploads\/2025\/08\/ICON-34.png\" alt=\"\" class=\"wp-image-2573\" style=\"width:70px;height:auto\" srcset=\"https:\/\/chmedia.vn\/wp-content\/uploads\/2025\/08\/ICON-34.png 301w, https:\/\/chmedia.vn\/wp-content\/uploads\/2025\/08\/ICON-34-150x150.png 150w, https:\/\/chmedia.vn\/wp-content\/uploads\/2025\/08\/ICON-34-75x75.png 75w\" sizes=\"auto, (max-width: 301px) 100vw, 301px\" \/><\/figure>\n<\/div>\n\n\n<p class=\"has-text-align-center\" style=\"margin-top:var(--wp--preset--spacing--50);margin-right:var(--wp--preset--spacing--40);margin-bottom:var(--wp--preset--spacing--50);margin-left:var(--wp--preset--spacing--40)\">Qu\u1ea3n l\u00fd d\u1ef1 \u00e1n qua ph\u1ea7n m\u1ec1m. Qu\u1ea3n l\u00fd d\u1ef1 \u00e1n d\u1ec5 d\u00e0ng, hi\u1ec7u qu\u1ea3<\/p>\n<\/div>\n\n\n\n<div class=\"wp-block-column has-background is-layout-flow wp-block-column-is-layout-flow\" style=\"border-radius:10px;background-color:#f2f2f2\">\n<div style=\"height:5px\" aria-hidden=\"true\" class=\"wp-block-spacer\"><\/div>\n\n\n<div class=\"wp-block-image\">\n<figure class=\"aligncenter size-full is-resized\"><img loading=\"lazy\" decoding=\"async\" width=\"301\" height=\"301\" src=\"https:\/\/chmedia.vn\/wp-content\/uploads\/2025\/08\/ICON-32.png\" alt=\"\" class=\"wp-image-2572\" style=\"width:70px;height:auto\" srcset=\"https:\/\/chmedia.vn\/wp-content\/uploads\/2025\/08\/ICON-32.png 301w, https:\/\/chmedia.vn\/wp-content\/uploads\/2025\/08\/ICON-32-150x150.png 150w, https:\/\/chmedia.vn\/wp-content\/uploads\/2025\/08\/ICON-32-75x75.png 75w\" sizes=\"auto, (max-width: 301px) 100vw, 301px\" \/><\/figure>\n<\/div>\n\n\n<p class=\"has-text-align-center\" style=\"margin-top:var(--wp--preset--spacing--50);margin-right:var(--wp--preset--spacing--40);margin-bottom:var(--wp--preset--spacing--50);margin-left:var(--wp--preset--spacing--40)\">Cam k\u1ebft 100% h\u00e0i l\u00f2ng v\u1edbi s\u1ea3n ph\u1ea9m &amp; d\u1ecbch v\u1ee5<\/p>\n<\/div>\n<\/div>\n<\/div>\n<\/div>\n<\/div>\n\n\n\n<div class=\"wp-block-column is-layout-flow wp-block-column-is-layout-flow\" style=\"flex-basis:150px\"><\/div>\n<\/div>\n","protected":false},"excerpt":{"rendered":"<p>Brochure&nbsp;l\u00e0 m\u1ed9t \u1ea5n ph\u1ea9m qu\u1ea3ng c\u00e1o d\u1ea1ng quy\u1ec3n nh\u1ecf ch\u1ee9a \u0111\u1ef1ng v\u00e0 bao g\u1ed3m nh\u1eefng th\u00f4ng tin gi\u1edbi thi\u1ec7u chung v\u1ec1 s\u1ea3n ph\u1ea9m n\u00e0o \u0111\u1ea5y, v\u1ec1 c\u00e1c s\u1ef1 ki\u1ec7n, nh\u1eefng \u0111\u1ecba \u0111i\u1ec3m du l\u1ecbch n\u1ed5i ti\u1ebfng, h\u00ecnh \u1ea3nh\u2026 m\u00e0 ch\u1ee7 doanh nghi\u1ec7p mu\u1ed1n g\u1eedi g\u1eafm \u0111\u1ebfn nh\u1eefng ng\u01b0\u1eddi \u0111\u01b0\u1ee3c xem l\u00e0 kh\u00e1ch h\u00e0ng m\u1ee5c ti\u00eau c\u1ee7a h\u1ecd. Brochure th\u01b0\u1eddng xu\u1ea5t hi\u1ec7n trong c\u00e1c ch\u01b0\u01a1ng tr\u00ecnh khuy\u1ebfn m\u00e3i, ho\u1eb7c \u0111\u01b0\u1ee3c thi\u1ebft k\u1ebf brochure ri\u00eang cho m\u1ed9t d\u00f2ng, m\u1ed9t lo\u1ea1i s\u1ea3n ph\u1ea9m ri\u00eang c\u1ee7a th\u01b0\u01a1ng hi\u1ec7u. Nhi\u1ec1u ng\u01b0\u1eddi ngh\u0129 r\u1eb1ng thi\u1ebft k\u1ebf brochure \u0111\u01a1n gi\u1ea3n \u0111\u1ebfn n\u1ed7i ai c\u0169ng c\u00f3 th\u1ec3 l\u00e0m b\u1ea5t c\u1ee9 l\u00fac n\u00e0o r\u1ea3nh v\u00e0 ph\u1ea7n c\u00f2n l\u1ea1i c\u1ee7a c\u00f4ng vi\u1ec7c \u0111\u01b0\u1ee3c ho\u00e0n th\u00e0nh t\u1ea1i nh\u00e0 in. B\u1edfi v\u00ec \u0111i\u1ec1u n\u00e0y, qu\u00e1 nhi\u1ec1u nh\u00e0 in kh\u00f4ng ch\u1ec9 cung c\u1ea5p d\u1ecbch v\u1ee5 in \u1ea5n brochure m\u00e0 c\u00f2n c\u1ea3 d\u1ecbch v\u1ee5 thi\u1ebft k\u1ebf borchure. Tuy nhi\u00ean, v\u1edbi t\u1ea7m nh\u00ecn c\u1ee7a m\u1ed9t c\u00f4ng ty chuy\u00ean nghi\u1ec7p, kh\u00f4ng ai ch\u1ecdn c\u00e1ch n\u00e0y. Ng\u01b0\u1ee3c l\u1ea1i, kh\u00e2u \u0111\u1ea7u t\u01b0 thi\u1ebft k\u1ebf \u0111\u01b0\u1ee3c \u0111\u1ea7u t\u01b0 r\u1ea5t cao trong khi in \u1ea5n ch\u1ec9 l\u00e0 ph\u1ea7n ph\u1ee5 cu\u1ed1i c\u00f9ng. Brochure c\u00f4ng ty chuy\u00ean nghi\u1ec7p c\u1ea7n s\u00e1ng t\u1ea1o, kh\u00e1c bi\u1ec7t, truy\u1ec1n t\u1ea3i \u0111\u01b0\u1ee3c c\u00e1 t\u00ednh ri\u00eang c\u1ee7a th\u01b0\u01a1ng hi\u1ec7u v\u00e0 quan tr\u1ecdng l\u00e0 brochure b\u00e1n \u0111\u01b0\u1ee3c h\u00e0ng, hi\u1ec3u \u0111\u01b0\u1ee3c \u0111i\u1ec1u \u0111\u00f3 CH Media \u0111\u01b0a ra d\u1ecbch v\u1ee5 thi\u1ebft k\u1ebf brochure chuy\u00ean nghi\u1ec7p. CH Media s\u1ebd gi\u00fap b\u1ea1n t\u1eeb l\u00ean \u00fd t\u01b0\u1edfng, bi\u00ean so\u1ea1n n\u1ed9i dung, chu\u1ea9n b\u1ecb h\u00ecnh \u1ea3nh, thi\u1ebft k\u1ebf brochure cho \u0111\u1ebfn in \u1ea5n brochure m\u1ed9t c\u00e1ch ho\u00e0n h\u1ea3o nh\u1ea5t. V\u00cc SAO CH\u1eccN THI\u1ebeT K\u1ebe NH\u1eacN DI\u1ec6N NH\u1eacN DI\u1ec6N TH\u01af\u01a0NG HI\u1ec6U S\u1ed0 T\u1ea0I CH MEDIA ? Thi\u1ebft k\u1ebf Brochure \u0111\u00e1p \u1ee9ng m\u1ee5c ti\u00eau b\u00e1n h\u00e0ng, x\u00e2y d\u1ef1ng th\u01b0\u01a1ng hi\u1ec7u Quy tr\u00ecnh tri\u1ec3n khai d\u1ef1 \u00e1n r\u00f5 r\u00e0ng, chuy\u00ean nghi\u1ec7p Thi\u1ebft k\u1ebf d\u1ef1a tr\u00ean ph\u00e2n t\u00edch k\u1ef9 c\u00e0ng v\u1ec1 doanh nghi\u1ec7p, s\u1ea3n ph\u1ea9m, kh\u00e1ch h\u00e0ng\u2026 \u0110\u1ed9i ng\u0169 th\u1ef1c thi kinh nghi\u1ec7m nhi\u1ec1u d\u1ef1 \u00e1n l\u1edbn \u0110a d\u1ea1ng phong c\u00e1ch thi\u1ebft k\u1ebf, \u0111\u1ea3m b\u1ea3o s\u1ef1 ph\u00f9 h\u1ee3p T\u01b0\u01a1ng t\u00e1c v\u00e0 ph\u1ea3n h\u1ed3i li\u00ean t\u1ee5c, t\u00edch c\u1ef1c v\u00e0 h\u01b0\u1edbng m\u1ee5c ti\u00eau Qu\u1ea3n l\u00fd d\u1ef1 \u00e1n qua ph\u1ea7n m\u1ec1m. Qu\u1ea3n l\u00fd d\u1ef1 \u00e1n d\u1ec5 d\u00e0ng, hi\u1ec7u qu\u1ea3 Cam k\u1ebft 100% h\u00e0i l\u00f2ng v\u1edbi s\u1ea3n ph\u1ea9m &amp; d\u1ecbch v\u1ee5<\/p>\n","protected":false},"author":1,"featured_media":2255,"parent":0,"menu_order":0,"comment_status":"closed","ping_status":"closed","template":"","meta":{"footnotes":""},"class_list":["post-1779","page","type-page","status-publish","has-post-thumbnail","hentry"],"_links":{"self":[{"href":"https:\/\/chmedia.vn\/index.php\/wp-json\/wp\/v2\/pages\/1779","targetHints":{"allow":["GET"]}}],"collection":[{"href":"https:\/\/chmedia.vn\/index.php\/wp-json\/wp\/v2\/pages"}],"about":[{"href":"https:\/\/chmedia.vn\/index.php\/wp-json\/wp\/v2\/types\/page"}],"author":[{"embeddable":true,"href":"https:\/\/chmedia.vn\/index.php\/wp-json\/wp\/v2\/users\/1"}],"replies":[{"embeddable":true,"href":"https:\/\/chmedia.vn\/index.php\/wp-json\/wp\/v2\/comments?post=1779"}],"version-history":[{"count":7,"href":"https:\/\/chmedia.vn\/index.php\/wp-json\/wp\/v2\/pages\/1779\/revisions"}],"predecessor-version":[{"id":3048,"href":"https:\/\/chmedia.vn\/index.php\/wp-json\/wp\/v2\/pages\/1779\/revisions\/3048"}],"wp:featuredmedia":[{"embeddable":true,"href":"https:\/\/chmedia.vn\/index.php\/wp-json\/wp\/v2\/media\/2255"}],"wp:attachment":[{"href":"https:\/\/chmedia.vn\/index.php\/wp-json\/wp\/v2\/media?parent=1779"}],"curies":[{"name":"wp","href":"https:\/\/api.w.org\/{rel}","templated":true}]}}