{"id":1894,"date":"2025-08-05T08:59:25","date_gmt":"2025-08-05T08:59:25","guid":{"rendered":"https:\/\/chmedia.vn\/?page_id=1894"},"modified":"2025-08-05T08:59:25","modified_gmt":"2025-08-05T08:59:25","slug":"dang-ky-chung-nhan-an-toan-thuc-pham","status":"publish","type":"page","link":"https:\/\/chmedia.vn\/index.php\/dang-ky-chung-nhan-an-toan-thuc-pham\/","title":{"rendered":"\u0110\u0103ng k\u00fd ch\u1ee9ng nh\u1eadn an to\u00e0n th\u1ef1c ph\u1ea9m"},"content":{"rendered":"","protected":false},"excerpt":{"rendered":"","protected":false},"author":1,"featured_media":0,"parent":0,"menu_order":0,"comment_status":"closed","ping_status":"closed","template":"","meta":{"footnotes":""},"class_list":["post-1894","page","type-page","status-publish","hentry"],"_links":{"self":[{"href":"https:\/\/chmedia.vn\/index.php\/wp-json\/wp\/v2\/pages\/1894","targetHints":{"allow":["GET"]}}],"collection":[{"href":"https:\/\/chmedia.vn\/index.php\/wp-json\/wp\/v2\/pages"}],"about":[{"href":"https:\/\/chmedia.vn\/index.php\/wp-json\/wp\/v2\/types\/page"}],"author":[{"embeddable":true,"href":"https:\/\/chmedia.vn\/index.php\/wp-json\/wp\/v2\/users\/1"}],"replies":[{"embeddable":true,"href":"https:\/\/chmedia.vn\/index.php\/wp-json\/wp\/v2\/comments?post=1894"}],"version-history":[{"count":1,"href":"https:\/\/chmedia.vn\/index.php\/wp-json\/wp\/v2\/pages\/1894\/revisions"}],"predecessor-version":[{"id":1896,"href":"https:\/\/chmedia.vn\/index.php\/wp-json\/wp\/v2\/pages\/1894\/revisions\/1896"}],"wp:attachment":[{"href":"https:\/\/chmedia.vn\/index.php\/wp-json\/wp\/v2\/media?parent=1894"}],"curies":[{"name":"wp","href":"https:\/\/api.w.org\/{rel}","templated":true}]}}