{"id":1900,"date":"2025-08-05T08:59:39","date_gmt":"2025-08-05T08:59:39","guid":{"rendered":"https:\/\/chmedia.vn\/?page_id=1900"},"modified":"2025-08-05T08:59:39","modified_gmt":"2025-08-05T08:59:39","slug":"dang-ky-ma-so-ma-vach-cho-san-pham","status":"publish","type":"page","link":"https:\/\/chmedia.vn\/index.php\/dang-ky-ma-so-ma-vach-cho-san-pham\/","title":{"rendered":"\u0110\u0103ng k\u00fd m\u00e3 s\u1ed1 m\u00e3 v\u1ea1ch cho s\u1ea3n ph\u1ea9m"},"content":{"rendered":"","protected":false},"excerpt":{"rendered":"","protected":false},"author":1,"featured_media":0,"parent":0,"menu_order":0,"comment_status":"closed","ping_status":"closed","template":"","meta":{"footnotes":""},"class_list":["post-1900","page","type-page","status-publish","hentry"],"_links":{"self":[{"href":"https:\/\/chmedia.vn\/index.php\/wp-json\/wp\/v2\/pages\/1900","targetHints":{"allow":["GET"]}}],"collection":[{"href":"https:\/\/chmedia.vn\/index.php\/wp-json\/wp\/v2\/pages"}],"about":[{"href":"https:\/\/chmedia.vn\/index.php\/wp-json\/wp\/v2\/types\/page"}],"author":[{"embeddable":true,"href":"https:\/\/chmedia.vn\/index.php\/wp-json\/wp\/v2\/users\/1"}],"replies":[{"embeddable":true,"href":"https:\/\/chmedia.vn\/index.php\/wp-json\/wp\/v2\/comments?post=1900"}],"version-history":[{"count":1,"href":"https:\/\/chmedia.vn\/index.php\/wp-json\/wp\/v2\/pages\/1900\/revisions"}],"predecessor-version":[{"id":1902,"href":"https:\/\/chmedia.vn\/index.php\/wp-json\/wp\/v2\/pages\/1900\/revisions\/1902"}],"wp:attachment":[{"href":"https:\/\/chmedia.vn\/index.php\/wp-json\/wp\/v2\/media?parent=1900"}],"curies":[{"name":"wp","href":"https:\/\/api.w.org\/{rel}","templated":true}]}}