{"id":1903,"date":"2025-08-05T08:59:45","date_gmt":"2025-08-05T08:59:45","guid":{"rendered":"https:\/\/chmedia.vn\/?page_id=1903"},"modified":"2025-08-05T08:59:45","modified_gmt":"2025-08-05T08:59:45","slug":"dang-ky-cong-bo-hop-chuan-hop-quy","status":"publish","type":"page","link":"https:\/\/chmedia.vn\/index.php\/dang-ky-cong-bo-hop-chuan-hop-quy\/","title":{"rendered":"\u0110\u0103ng k\u00fd c\u00f4ng b\u1ed1 h\u1ee3p chu\u1ea9n h\u1ee3p quy"},"content":{"rendered":"","protected":false},"excerpt":{"rendered":"","protected":false},"author":1,"featured_media":0,"parent":0,"menu_order":0,"comment_status":"closed","ping_status":"closed","template":"","meta":{"footnotes":""},"class_list":["post-1903","page","type-page","status-publish","hentry"],"_links":{"self":[{"href":"https:\/\/chmedia.vn\/index.php\/wp-json\/wp\/v2\/pages\/1903","targetHints":{"allow":["GET"]}}],"collection":[{"href":"https:\/\/chmedia.vn\/index.php\/wp-json\/wp\/v2\/pages"}],"about":[{"href":"https:\/\/chmedia.vn\/index.php\/wp-json\/wp\/v2\/types\/page"}],"author":[{"embeddable":true,"href":"https:\/\/chmedia.vn\/index.php\/wp-json\/wp\/v2\/users\/1"}],"replies":[{"embeddable":true,"href":"https:\/\/chmedia.vn\/index.php\/wp-json\/wp\/v2\/comments?post=1903"}],"version-history":[{"count":1,"href":"https:\/\/chmedia.vn\/index.php\/wp-json\/wp\/v2\/pages\/1903\/revisions"}],"predecessor-version":[{"id":1905,"href":"https:\/\/chmedia.vn\/index.php\/wp-json\/wp\/v2\/pages\/1903\/revisions\/1905"}],"wp:attachment":[{"href":"https:\/\/chmedia.vn\/index.php\/wp-json\/wp\/v2\/media?parent=1903"}],"curies":[{"name":"wp","href":"https:\/\/api.w.org\/{rel}","templated":true}]}}